{"id":2,"date":"2008-02-24T21:43:23","date_gmt":"2008-02-24T20:43:23","guid":{"rendered":""},"modified":"2009-03-05T23:16:15","modified_gmt":"2009-03-05T21:16:15","slug":"about","status":"publish","type":"page","link":"https:\/\/www.paintedhell.de\/blag\/about\/","title":{"rendered":"Schnapsidee"},"content":{"rendered":"<h2>Wer macht denn sowas?!<\/h2>\n<p>Ich versuche mal, uns kurz vorzustellen. Demn\u00e4chst mal ich dann auch noch Bilder von uns. Gleich nach der Abschaffung der Einkommensteuer oder der Wiederkunft Christi. Je nachdem, was eher passiert.<\/p>\n<p>Also, wir sind Manu und Juja, beide der pinke Handytyp, Widder, nicht bereit f\u00fcr Petting oder schlimmeres und eben erfahre ich noch, f\u00fcr Nassrasuren wie geschaffen zu sein. Ich habe ein Informatik-Diplom, was sich darin niederschl\u00e4gt, dass ich im sehr empfehlenswerten <a title=\"Danger! Bravo Link\" href=\"http:\/\/www.bravo.de\/online\/render.php?render=039986\" target=\"_blank\">Internettest<\/a> 30 von 30 Fragen richtig beantworten konnte (einfach immer die l\u00e4ngste Antwort klicken). Manu ist diplomierte Physikerin &#8211; f\u00fcr die Anwendung dieses Abschlusses warten wir noch auf den gro\u00dfen Halbleitertest.<\/p>\n<p>Vielleicht sollten wir uns doch noch \u00fcber was anderes als Bravo-Tests definieren&#8230; Bitte fahre fort und\/oder l\u00f6sch meinen Unsinn hier, weise Manu.<\/p>\n<h2>Warum nur?!<\/h2>\n<p>Warum zur H\u00f6lle tun wir das hier?! Erkl\u00e4r&#8217;s mir, Manu.<\/p>\n","protected":false},"excerpt":{"rendered":"<p>Wer macht denn sowas?! Ich versuche mal, uns kurz vorzustellen. Demn\u00e4chst mal ich dann auch noch Bilder von uns. Gleich nach der Abschaffung der Einkommensteuer oder der Wiederkunft Christi. Je nachdem, was eher passiert. Also, wir sind Manu und Juja, &hellip; <a href=\"https:\/\/www.paintedhell.de\/blag\/about\/\">Continue reading <span class=\"meta-nav\">&rarr;<\/span><\/a><\/p>\n","protected":false},"author":2,"featured_media":0,"parent":0,"menu_order":0,"comment_status":"open","ping_status":"open","template":"","meta":{"footnotes":""},"class_list":["post-2","page","type-page","status-publish","hentry"],"_links":{"self":[{"href":"https:\/\/www.paintedhell.de\/blag\/wp-json\/wp\/v2\/pages\/2","targetHints":{"allow":["GET"]}}],"collection":[{"href":"https:\/\/www.paintedhell.de\/blag\/wp-json\/wp\/v2\/pages"}],"about":[{"href":"https:\/\/www.paintedhell.de\/blag\/wp-json\/wp\/v2\/types\/page"}],"author":[{"embeddable":true,"href":"https:\/\/www.paintedhell.de\/blag\/wp-json\/wp\/v2\/users\/2"}],"replies":[{"embeddable":true,"href":"https:\/\/www.paintedhell.de\/blag\/wp-json\/wp\/v2\/comments?post=2"}],"version-history":[{"count":0,"href":"https:\/\/www.paintedhell.de\/blag\/wp-json\/wp\/v2\/pages\/2\/revisions"}],"wp:attachment":[{"href":"https:\/\/www.paintedhell.de\/blag\/wp-json\/wp\/v2\/media?parent=2"}],"curies":[{"name":"wp","href":"https:\/\/api.w.org\/{rel}","templated":true}]}}